{"id":1021,"date":"2024-07-23T20:10:40","date_gmt":"2024-07-23T20:10:40","guid":{"rendered":"https:\/\/centrun.pe\/?page_id=1021"},"modified":"2024-07-23T20:27:36","modified_gmt":"2024-07-23T20:27:36","slug":"fracturas","status":"publish","type":"page","link":"https:\/\/centrun.pe\/index.php\/fracturas\/","title":{"rendered":"FRACTURAS"},"content":{"rendered":"\t\t<div data-elementor-type=\"wp-page\" data-elementor-id=\"1021\" class=\"elementor elementor-1021\" data-elementor-post-type=\"page\">\n\t\t\t\t<div class=\"elementor-element elementor-element-7797b7c e-flex e-con-boxed e-con e-parent\" data-id=\"7797b7c\" data-element_type=\"container\" data-e-type=\"container\">\n\t\t\t\t\t<div class=\"e-con-inner\">\n\t\t\t\t\t<\/div>\n\t\t\t\t<\/div>\n\t\t<div class=\"elementor-element elementor-element-1de33d2 e-flex e-con-boxed e-con e-parent\" data-id=\"1de33d2\" data-element_type=\"container\" data-e-type=\"container\">\n\t\t\t\t\t<div class=\"e-con-inner\">\n\t\t\t\t<div class=\"elementor-element elementor-element-d05153e elementor-widget elementor-widget-heading\" data-id=\"d05153e\" data-element_type=\"widget\" data-e-type=\"widget\" data-widget_type=\"heading.default\">\n\t\t\t\t<div class=\"elementor-widget-container\">\n\t\t\t\t\t<h2 class=\"elementor-heading-title elementor-size-default\">FRACTURAS<\/h2>\t\t\t\t<\/div>\n\t\t\t\t<\/div>\n\t\t\t\t\t<\/div>\n\t\t\t\t<\/div>\n\t\t<div class=\"elementor-element elementor-element-fafcc06 e-flex e-con-boxed e-con e-parent\" data-id=\"fafcc06\" data-element_type=\"container\" data-e-type=\"container\">\n\t\t\t\t\t<div class=\"e-con-inner\">\n\t\t\t\t<div class=\"elementor-element elementor-element-6dd714a elementor-widget elementor-widget-text-editor\" data-id=\"6dd714a\" data-element_type=\"widget\" data-e-type=\"widget\" data-widget_type=\"text-editor.default\">\n\t\t\t\t<div class=\"elementor-widget-container\">\n\t\t\t\t\t\t\t\t\t<h3><span style=\"color: #00ccff;\"><strong>\u00bfSabes que es una fractura?<\/strong><\/span><\/h3><p><strong>Es la rotura de un hueso<\/strong>. Teniendo en cuenta que puede ser fractura total o fractura parcial.<\/p><p>El hueso es un tejido vivo, que a pesar de ser duro y resistente se puede romper. El cuerpo humano tiene una capacidad de regeneraci\u00f3n muy alta para reparar un hueso roto, proceso al que llamamos consolidaci\u00f3n \u00f3sea.\u00a0<\/p><h5><span style=\"color: #00ccff;\"><strong>\u00bfQu\u00e9 causa las fracturas?<\/strong><\/span><\/h5><p>En general, las fracturas suceden a causa de accidentes de auto, ca\u00eddas\u00a0y\u00a0 lesiones deportivas. El uso excesivo y movimientos repetitivos tambi\u00e9n pueden causar fracturas.<\/p><p>osteoporosis \u00a0son afecciones que causan debilidad de sus huesos. Tener estas afecciones lo hace m\u00e1s propenso a romperse un hueso.<\/p><h5><span style=\"color: #00ccff;\"><strong>\u00bfCu\u00e1les son los s\u00edntomas de una fractura?<\/strong><\/span><\/h5><p>Los s\u00edntomas de una fractura pueden variar, dependiendo de qu\u00e9 hueso se rompa. Pueden incluir:<\/p><ul><li>Dolor intenso<\/li><li>Deformidad, por ejemplo, una extremidad que parezca fuera de lugar<\/li><li>Hinchaz\u00f3n, moretones o sensibilidad alrededor de la lesi\u00f3n<\/li><li>Problemas para mover la parte lesionada<\/li><\/ul><p>Si piensa que puede tener un hueso roto, busque atenci\u00f3n m\u00e9dica de inmediato.<\/p><h5><span style=\"color: #00ccff;\"><strong>\u00bfC\u00f3mo se diagnostican las fracturas?<\/strong><\/span><\/h5><p>Para averiguar si tiene una fractura, su profesional de la salud le har\u00e1 un examen f\u00edsico y preguntar\u00e1 acerca de su lesi\u00f3n. Tambi\u00e9n puede pedir una\u00a0radiograf\u00eda, tomograf\u00eda.<\/p><p>La terapia fisca y rehabilitaci\u00f3n , ayudara a mejorar :<\/p><p>Las consecuencias derivadas de la inmovilizaci\u00f3n:<\/p><ul><li>Aliviar el dolor<\/li><li>Evitar la deformaci\u00f3n<\/li><li>Prevenir la rigidez e impotencia funcional<\/li><li>Corregir la movilidad articular perdida despu\u00e9s de la fractura<\/li><li>Atrofia muscular y mejor la fuerza muscular<\/li><li>Edema, etc.<\/li><\/ul>\t\t\t\t\t\t\t\t<\/div>\n\t\t\t\t<\/div>\n\t\t\t\t\t<\/div>\n\t\t\t\t<\/div>\n\t\t\t\t<\/div>\n\t\t","protected":false},"excerpt":{"rendered":"<p>FRACTURAS \u00bfSabes que es una fractura? Es la rotura de un hueso. Teniendo en cuenta que puede ser fractura total o fractura parcial. El hueso es un tejido vivo, que a pesar de ser duro y resistente se puede romper. El cuerpo humano tiene una capacidad de regeneraci\u00f3n muy alta para reparar un hueso roto, [&hellip;]<\/p>\n","protected":false},"author":1,"featured_media":0,"parent":0,"menu_order":0,"comment_status":"closed","ping_status":"closed","template":"","meta":{"footnotes":""},"class_list":["post-1021","page","type-page","status-publish","hentry"],"yoast_head":"<!-- This site is optimized with the Yoast SEO plugin v27.3 - https:\/\/yoast.com\/product\/yoast-seo-wordpress\/ -->\n<title>FRACTURAS - Centrun Salud<\/title>\n<meta name=\"robots\" content=\"index, follow, max-snippet:-1, max-image-preview:large, max-video-preview:-1\" \/>\n<link rel=\"canonical\" href=\"https:\/\/centrun.pe\/index.php\/fracturas\/\" \/>\n<meta property=\"og:locale\" content=\"es_ES\" \/>\n<meta property=\"og:type\" content=\"article\" \/>\n<meta property=\"og:title\" content=\"FRACTURAS - Centrun Salud\" \/>\n<meta property=\"og:description\" content=\"FRACTURAS \u00bfSabes que es una fractura? Es la rotura de un hueso. Teniendo en cuenta que puede ser fractura total o fractura parcial. El hueso es un tejido vivo, que a pesar de ser duro y resistente se puede romper. El cuerpo humano tiene una capacidad de regeneraci\u00f3n muy alta para reparar un hueso roto, [&hellip;]\" \/>\n<meta property=\"og:url\" content=\"https:\/\/centrun.pe\/index.php\/fracturas\/\" \/>\n<meta property=\"og:site_name\" content=\"Centrun Salud\" \/>\n<meta property=\"article:modified_time\" content=\"2024-07-23T20:27:36+00:00\" \/>\n<meta name=\"twitter:card\" content=\"summary_large_image\" \/>\n<meta name=\"twitter:label1\" content=\"Tiempo de lectura\" \/>\n\t<meta name=\"twitter:data1\" content=\"2 minutos\" \/>\n<script type=\"application\/ld+json\" class=\"yoast-schema-graph\">{\"@context\":\"https:\\\/\\\/schema.org\",\"@graph\":[{\"@type\":\"WebPage\",\"@id\":\"https:\\\/\\\/centrun.pe\\\/index.php\\\/fracturas\\\/\",\"url\":\"https:\\\/\\\/centrun.pe\\\/index.php\\\/fracturas\\\/\",\"name\":\"FRACTURAS - Centrun Salud\",\"isPartOf\":{\"@id\":\"https:\\\/\\\/centrun.pe\\\/#website\"},\"datePublished\":\"2024-07-23T20:10:40+00:00\",\"dateModified\":\"2024-07-23T20:27:36+00:00\",\"breadcrumb\":{\"@id\":\"https:\\\/\\\/centrun.pe\\\/index.php\\\/fracturas\\\/#breadcrumb\"},\"inLanguage\":\"es\",\"potentialAction\":[{\"@type\":\"ReadAction\",\"target\":[\"https:\\\/\\\/centrun.pe\\\/index.php\\\/fracturas\\\/\"]}]},{\"@type\":\"BreadcrumbList\",\"@id\":\"https:\\\/\\\/centrun.pe\\\/index.php\\\/fracturas\\\/#breadcrumb\",\"itemListElement\":[{\"@type\":\"ListItem\",\"position\":1,\"name\":\"Portada\",\"item\":\"https:\\\/\\\/centrun.pe\\\/\"},{\"@type\":\"ListItem\",\"position\":2,\"name\":\"FRACTURAS\"}]},{\"@type\":\"WebSite\",\"@id\":\"https:\\\/\\\/centrun.pe\\\/#website\",\"url\":\"https:\\\/\\\/centrun.pe\\\/\",\"name\":\"Centrun Salud\",\"description\":\"\",\"potentialAction\":[{\"@type\":\"SearchAction\",\"target\":{\"@type\":\"EntryPoint\",\"urlTemplate\":\"https:\\\/\\\/centrun.pe\\\/?s={search_term_string}\"},\"query-input\":{\"@type\":\"PropertyValueSpecification\",\"valueRequired\":true,\"valueName\":\"search_term_string\"}}],\"inLanguage\":\"es\"}]}<\/script>\n<!-- \/ Yoast SEO plugin. -->","yoast_head_json":{"title":"FRACTURAS - Centrun Salud","robots":{"index":"index","follow":"follow","max-snippet":"max-snippet:-1","max-image-preview":"max-image-preview:large","max-video-preview":"max-video-preview:-1"},"canonical":"https:\/\/centrun.pe\/index.php\/fracturas\/","og_locale":"es_ES","og_type":"article","og_title":"FRACTURAS - Centrun Salud","og_description":"FRACTURAS \u00bfSabes que es una fractura? Es la rotura de un hueso. Teniendo en cuenta que puede ser fractura total o fractura parcial. El hueso es un tejido vivo, que a pesar de ser duro y resistente se puede romper. El cuerpo humano tiene una capacidad de regeneraci\u00f3n muy alta para reparar un hueso roto, [&hellip;]","og_url":"https:\/\/centrun.pe\/index.php\/fracturas\/","og_site_name":"Centrun Salud","article_modified_time":"2024-07-23T20:27:36+00:00","twitter_card":"summary_large_image","twitter_misc":{"Tiempo de lectura":"2 minutos"},"schema":{"@context":"https:\/\/schema.org","@graph":[{"@type":"WebPage","@id":"https:\/\/centrun.pe\/index.php\/fracturas\/","url":"https:\/\/centrun.pe\/index.php\/fracturas\/","name":"FRACTURAS - Centrun Salud","isPartOf":{"@id":"https:\/\/centrun.pe\/#website"},"datePublished":"2024-07-23T20:10:40+00:00","dateModified":"2024-07-23T20:27:36+00:00","breadcrumb":{"@id":"https:\/\/centrun.pe\/index.php\/fracturas\/#breadcrumb"},"inLanguage":"es","potentialAction":[{"@type":"ReadAction","target":["https:\/\/centrun.pe\/index.php\/fracturas\/"]}]},{"@type":"BreadcrumbList","@id":"https:\/\/centrun.pe\/index.php\/fracturas\/#breadcrumb","itemListElement":[{"@type":"ListItem","position":1,"name":"Portada","item":"https:\/\/centrun.pe\/"},{"@type":"ListItem","position":2,"name":"FRACTURAS"}]},{"@type":"WebSite","@id":"https:\/\/centrun.pe\/#website","url":"https:\/\/centrun.pe\/","name":"Centrun Salud","description":"","potentialAction":[{"@type":"SearchAction","target":{"@type":"EntryPoint","urlTemplate":"https:\/\/centrun.pe\/?s={search_term_string}"},"query-input":{"@type":"PropertyValueSpecification","valueRequired":true,"valueName":"search_term_string"}}],"inLanguage":"es"}]}},"_links":{"self":[{"href":"https:\/\/centrun.pe\/index.php\/wp-json\/wp\/v2\/pages\/1021","targetHints":{"allow":["GET"]}}],"collection":[{"href":"https:\/\/centrun.pe\/index.php\/wp-json\/wp\/v2\/pages"}],"about":[{"href":"https:\/\/centrun.pe\/index.php\/wp-json\/wp\/v2\/types\/page"}],"author":[{"embeddable":true,"href":"https:\/\/centrun.pe\/index.php\/wp-json\/wp\/v2\/users\/1"}],"replies":[{"embeddable":true,"href":"https:\/\/centrun.pe\/index.php\/wp-json\/wp\/v2\/comments?post=1021"}],"version-history":[{"count":7,"href":"https:\/\/centrun.pe\/index.php\/wp-json\/wp\/v2\/pages\/1021\/revisions"}],"predecessor-version":[{"id":1029,"href":"https:\/\/centrun.pe\/index.php\/wp-json\/wp\/v2\/pages\/1021\/revisions\/1029"}],"wp:attachment":[{"href":"https:\/\/centrun.pe\/index.php\/wp-json\/wp\/v2\/media?parent=1021"}],"curies":[{"name":"wp","href":"https:\/\/api.w.org\/{rel}","templated":true}]}}