{"id":23,"date":"2024-07-03T02:54:02","date_gmt":"2024-07-03T02:54:02","guid":{"rendered":"https:\/\/centrun-salud.pe\/?page_id=23"},"modified":"2024-07-15T18:55:22","modified_gmt":"2024-07-15T18:55:22","slug":"2-1","status":"publish","type":"page","link":"https:\/\/centrun.pe\/index.php\/2-1\/","title":{"rendered":"MAGNETOREAPIA"},"content":{"rendered":"\t\t<div data-elementor-type=\"wp-page\" data-elementor-id=\"23\" class=\"elementor elementor-23\" data-elementor-post-type=\"page\">\n\t\t\t\t<div class=\"elementor-element elementor-element-c6521c5 e-flex e-con-boxed e-con e-parent\" data-id=\"c6521c5\" data-element_type=\"container\" data-e-type=\"container\">\n\t\t\t\t\t<div class=\"e-con-inner\">\n\t\t\t\t\t<\/div>\n\t\t\t\t<\/div>\n\t\t<div class=\"elementor-element elementor-element-022c144 e-flex e-con-boxed e-con e-parent\" data-id=\"022c144\" data-element_type=\"container\" data-e-type=\"container\">\n\t\t\t\t\t<div class=\"e-con-inner\">\n\t\t\t\t<div class=\"elementor-element elementor-element-3386fca elementor-widget elementor-widget-heading\" data-id=\"3386fca\" data-element_type=\"widget\" data-e-type=\"widget\" data-widget_type=\"heading.default\">\n\t\t\t\t<div class=\"elementor-widget-container\">\n\t\t\t\t\t<h2 class=\"elementor-heading-title elementor-size-default\">MAGNETOTERAPIA<\/h2>\t\t\t\t<\/div>\n\t\t\t\t<\/div>\n\t\t\t\t\t<\/div>\n\t\t\t\t<\/div>\n\t\t<div class=\"elementor-element elementor-element-de5d08a e-flex e-con-boxed e-con e-parent\" data-id=\"de5d08a\" data-element_type=\"container\" data-e-type=\"container\">\n\t\t\t\t\t<div class=\"e-con-inner\">\n\t\t\t\t<div class=\"elementor-element elementor-element-0db2d6a elementor-widget elementor-widget-text-editor\" data-id=\"0db2d6a\" data-element_type=\"widget\" data-e-type=\"widget\" data-widget_type=\"text-editor.default\">\n\t\t\t\t<div class=\"elementor-widget-container\">\n\t\t\t\t\t\t\t\t\t<p>Es una pr\u00e1ctica que pertenece a la fisioterapia, en la cual emplea campos magn\u00e9ticos est\u00e1ticos o permanentes sobre el cuerpo.<\/p><p>La aplicaci\u00f3n se efect\u00faa mediante imanes de alta o baja frecuencia dependiendo al tipo de patolog\u00eda del paciente.<\/p><p>Este procedimiento se emplea en pacientes generalmente en pacientes con patolog\u00edas musculo-esquel\u00e9ticas, debido a estudios cient\u00edficos esta demostrado que tiene efectos regenerativos gracias a los campos fisiol\u00f3gicos que provoca en el organismo.<\/p><p>Aunque la aplicaci\u00f3n de Magneto es una de los m\u00e1s efectivos en nuestros pacientes debemos recalcar que esta contraindicado en personas con marcapasos, con c\u00e1ncer y en mujeres embarazadas\u00a0<\/p><h3><span style=\"font-family: var( --e-global-typography-text-font-family ), Sans-serif; text-align: var(--text-align); font-size: 1rem;\"><span style=\"font-size: 12pt; line-height: 107%; font-family: Arial, sans-serif;\"><b>BENEFICIOS QUE NOS APORTA:<\/b><\/span><\/span><\/h3><p><span style=\"font-size: 12.0pt; line-height: 107%; font-family: 'Arial',sans-serif;\"> \u2022 Ayuda y acelera los procesos de curaci\u00f3n de las lesiones f\u00edsicas (Distensi\u00f3n muscular, contusiones, esguinces, luxaciones, lesiones neuronales, etc.<br \/>\u2022 Aceleraci\u00f3n y ayuda a la regeneraci\u00f3n tejido muscular<\/span><\/p><p><span style=\"font-size: 12.0pt; line-height: 107%; font-family: 'Arial',sans-serif;\">Acelera a la consolidaci\u00f3n \u00f3sea<br \/>\u2022 Mejora la regeneraci\u00f3n y la relajaci\u00f3n despu\u00e9s del entrenamiento y la competici\u00f3n.<br \/>\u2022 Mejora la administraci\u00f3n de ox\u00edgeno y nutrientes y la circulaci\u00f3n sangu\u00ednea.<br \/>\u2022 Disminuye el dolor (analg\u00e9sico)<br \/>\u2022 Efecto de miorrelajaci\u00f3n<br \/>\u2022 Absorci\u00f3n de edemas<br \/>\u2022 Efecto desintoxicante (depurativo)<\/span><\/p>\t\t\t\t\t\t\t\t<\/div>\n\t\t\t\t<\/div>\n\t\t\t\t\t<\/div>\n\t\t\t\t<\/div>\n\t\t<div class=\"elementor-element elementor-element-f35ca1e e-flex e-con-boxed e-con e-parent\" data-id=\"f35ca1e\" data-element_type=\"container\" data-e-type=\"container\">\n\t\t\t\t\t<div class=\"e-con-inner\">\n\t\t\t\t<div class=\"elementor-element elementor-element-ddc679a elementor-widget elementor-widget-image\" data-id=\"ddc679a\" data-element_type=\"widget\" data-e-type=\"widget\" data-widget_type=\"image.default\">\n\t\t\t\t<div class=\"elementor-widget-container\">\n\t\t\t\t\t\t\t\t\t\t\t\t\t\t\t<img fetchpriority=\"high\" decoding=\"async\" width=\"1496\" height=\"1141\" src=\"https:\/\/centrun.pe\/wp-content\/uploads\/2024\/07\/foto6.jpeg\" class=\"attachment-full size-full wp-image-241\" alt=\"\" srcset=\"https:\/\/centrun.pe\/wp-content\/uploads\/2024\/07\/foto6.jpeg 1496w, https:\/\/centrun.pe\/wp-content\/uploads\/2024\/07\/foto6-300x229.jpeg 300w, https:\/\/centrun.pe\/wp-content\/uploads\/2024\/07\/foto6-1024x781.jpeg 1024w, https:\/\/centrun.pe\/wp-content\/uploads\/2024\/07\/foto6-768x586.jpeg 768w\" sizes=\"(max-width: 1496px) 100vw, 1496px\" \/>\t\t\t\t\t\t\t\t\t\t\t\t\t\t\t<\/div>\n\t\t\t\t<\/div>\n\t\t\t\t\t<\/div>\n\t\t\t\t<\/div>\n\t\t\t\t<\/div>\n\t\t","protected":false},"excerpt":{"rendered":"<p>MAGNETOTERAPIA Es una pr\u00e1ctica que pertenece a la fisioterapia, en la cual emplea campos magn\u00e9ticos est\u00e1ticos o permanentes sobre el cuerpo. La aplicaci\u00f3n se efect\u00faa mediante imanes de alta o baja frecuencia dependiendo al tipo de patolog\u00eda del paciente. Este procedimiento se emplea en pacientes generalmente en pacientes con patolog\u00edas musculo-esquel\u00e9ticas, debido a estudios cient\u00edficos [&hellip;]<\/p>\n","protected":false},"author":1,"featured_media":0,"parent":0,"menu_order":0,"comment_status":"closed","ping_status":"closed","template":"","meta":{"footnotes":""},"class_list":["post-23","page","type-page","status-publish","hentry"],"yoast_head":"<!-- This site is optimized with the Yoast SEO plugin v27.3 - https:\/\/yoast.com\/product\/yoast-seo-wordpress\/ -->\n<title>MAGNETOREAPIA - Centrun Salud<\/title>\n<meta name=\"robots\" content=\"index, follow, max-snippet:-1, max-image-preview:large, max-video-preview:-1\" \/>\n<link rel=\"canonical\" href=\"https:\/\/centrun.pe\/index.php\/2-1\/\" \/>\n<meta property=\"og:locale\" content=\"es_ES\" \/>\n<meta property=\"og:type\" content=\"article\" \/>\n<meta property=\"og:title\" content=\"MAGNETOREAPIA - Centrun Salud\" \/>\n<meta property=\"og:description\" content=\"MAGNETOTERAPIA Es una pr\u00e1ctica que pertenece a la fisioterapia, en la cual emplea campos magn\u00e9ticos est\u00e1ticos o permanentes sobre el cuerpo. La aplicaci\u00f3n se efect\u00faa mediante imanes de alta o baja frecuencia dependiendo al tipo de patolog\u00eda del paciente. Este procedimiento se emplea en pacientes generalmente en pacientes con patolog\u00edas musculo-esquel\u00e9ticas, debido a estudios cient\u00edficos [&hellip;]\" \/>\n<meta property=\"og:url\" content=\"https:\/\/centrun.pe\/index.php\/2-1\/\" \/>\n<meta property=\"og:site_name\" content=\"Centrun Salud\" \/>\n<meta property=\"article:modified_time\" content=\"2024-07-15T18:55:22+00:00\" \/>\n<meta property=\"og:image\" content=\"https:\/\/centrun.pe\/wp-content\/uploads\/2024\/07\/foto6.jpeg\" \/>\n<meta name=\"twitter:card\" content=\"summary_large_image\" \/>\n<meta name=\"twitter:label1\" content=\"Tiempo de lectura\" \/>\n\t<meta name=\"twitter:data1\" content=\"2 minutos\" \/>\n<script type=\"application\/ld+json\" class=\"yoast-schema-graph\">{\"@context\":\"https:\\\/\\\/schema.org\",\"@graph\":[{\"@type\":\"WebPage\",\"@id\":\"https:\\\/\\\/centrun.pe\\\/index.php\\\/2-1\\\/\",\"url\":\"https:\\\/\\\/centrun.pe\\\/index.php\\\/2-1\\\/\",\"name\":\"MAGNETOREAPIA - Centrun Salud\",\"isPartOf\":{\"@id\":\"https:\\\/\\\/centrun.pe\\\/#website\"},\"primaryImageOfPage\":{\"@id\":\"https:\\\/\\\/centrun.pe\\\/index.php\\\/2-1\\\/#primaryimage\"},\"image\":{\"@id\":\"https:\\\/\\\/centrun.pe\\\/index.php\\\/2-1\\\/#primaryimage\"},\"thumbnailUrl\":\"https:\\\/\\\/centrun.pe\\\/wp-content\\\/uploads\\\/2024\\\/07\\\/foto6.jpeg\",\"datePublished\":\"2024-07-03T02:54:02+00:00\",\"dateModified\":\"2024-07-15T18:55:22+00:00\",\"breadcrumb\":{\"@id\":\"https:\\\/\\\/centrun.pe\\\/index.php\\\/2-1\\\/#breadcrumb\"},\"inLanguage\":\"es\",\"potentialAction\":[{\"@type\":\"ReadAction\",\"target\":[\"https:\\\/\\\/centrun.pe\\\/index.php\\\/2-1\\\/\"]}]},{\"@type\":\"ImageObject\",\"inLanguage\":\"es\",\"@id\":\"https:\\\/\\\/centrun.pe\\\/index.php\\\/2-1\\\/#primaryimage\",\"url\":\"https:\\\/\\\/centrun.pe\\\/wp-content\\\/uploads\\\/2024\\\/07\\\/foto6.jpeg\",\"contentUrl\":\"https:\\\/\\\/centrun.pe\\\/wp-content\\\/uploads\\\/2024\\\/07\\\/foto6.jpeg\"},{\"@type\":\"BreadcrumbList\",\"@id\":\"https:\\\/\\\/centrun.pe\\\/index.php\\\/2-1\\\/#breadcrumb\",\"itemListElement\":[{\"@type\":\"ListItem\",\"position\":1,\"name\":\"Portada\",\"item\":\"https:\\\/\\\/centrun.pe\\\/\"},{\"@type\":\"ListItem\",\"position\":2,\"name\":\"MAGNETOREAPIA\"}]},{\"@type\":\"WebSite\",\"@id\":\"https:\\\/\\\/centrun.pe\\\/#website\",\"url\":\"https:\\\/\\\/centrun.pe\\\/\",\"name\":\"Centrun Salud\",\"description\":\"\",\"potentialAction\":[{\"@type\":\"SearchAction\",\"target\":{\"@type\":\"EntryPoint\",\"urlTemplate\":\"https:\\\/\\\/centrun.pe\\\/?s={search_term_string}\"},\"query-input\":{\"@type\":\"PropertyValueSpecification\",\"valueRequired\":true,\"valueName\":\"search_term_string\"}}],\"inLanguage\":\"es\"}]}<\/script>\n<!-- \/ Yoast SEO plugin. -->","yoast_head_json":{"title":"MAGNETOREAPIA - Centrun Salud","robots":{"index":"index","follow":"follow","max-snippet":"max-snippet:-1","max-image-preview":"max-image-preview:large","max-video-preview":"max-video-preview:-1"},"canonical":"https:\/\/centrun.pe\/index.php\/2-1\/","og_locale":"es_ES","og_type":"article","og_title":"MAGNETOREAPIA - Centrun Salud","og_description":"MAGNETOTERAPIA Es una pr\u00e1ctica que pertenece a la fisioterapia, en la cual emplea campos magn\u00e9ticos est\u00e1ticos o permanentes sobre el cuerpo. La aplicaci\u00f3n se efect\u00faa mediante imanes de alta o baja frecuencia dependiendo al tipo de patolog\u00eda del paciente. Este procedimiento se emplea en pacientes generalmente en pacientes con patolog\u00edas musculo-esquel\u00e9ticas, debido a estudios cient\u00edficos [&hellip;]","og_url":"https:\/\/centrun.pe\/index.php\/2-1\/","og_site_name":"Centrun Salud","article_modified_time":"2024-07-15T18:55:22+00:00","og_image":[{"url":"https:\/\/centrun.pe\/wp-content\/uploads\/2024\/07\/foto6.jpeg","type":"","width":"","height":""}],"twitter_card":"summary_large_image","twitter_misc":{"Tiempo de lectura":"2 minutos"},"schema":{"@context":"https:\/\/schema.org","@graph":[{"@type":"WebPage","@id":"https:\/\/centrun.pe\/index.php\/2-1\/","url":"https:\/\/centrun.pe\/index.php\/2-1\/","name":"MAGNETOREAPIA - Centrun Salud","isPartOf":{"@id":"https:\/\/centrun.pe\/#website"},"primaryImageOfPage":{"@id":"https:\/\/centrun.pe\/index.php\/2-1\/#primaryimage"},"image":{"@id":"https:\/\/centrun.pe\/index.php\/2-1\/#primaryimage"},"thumbnailUrl":"https:\/\/centrun.pe\/wp-content\/uploads\/2024\/07\/foto6.jpeg","datePublished":"2024-07-03T02:54:02+00:00","dateModified":"2024-07-15T18:55:22+00:00","breadcrumb":{"@id":"https:\/\/centrun.pe\/index.php\/2-1\/#breadcrumb"},"inLanguage":"es","potentialAction":[{"@type":"ReadAction","target":["https:\/\/centrun.pe\/index.php\/2-1\/"]}]},{"@type":"ImageObject","inLanguage":"es","@id":"https:\/\/centrun.pe\/index.php\/2-1\/#primaryimage","url":"https:\/\/centrun.pe\/wp-content\/uploads\/2024\/07\/foto6.jpeg","contentUrl":"https:\/\/centrun.pe\/wp-content\/uploads\/2024\/07\/foto6.jpeg"},{"@type":"BreadcrumbList","@id":"https:\/\/centrun.pe\/index.php\/2-1\/#breadcrumb","itemListElement":[{"@type":"ListItem","position":1,"name":"Portada","item":"https:\/\/centrun.pe\/"},{"@type":"ListItem","position":2,"name":"MAGNETOREAPIA"}]},{"@type":"WebSite","@id":"https:\/\/centrun.pe\/#website","url":"https:\/\/centrun.pe\/","name":"Centrun Salud","description":"","potentialAction":[{"@type":"SearchAction","target":{"@type":"EntryPoint","urlTemplate":"https:\/\/centrun.pe\/?s={search_term_string}"},"query-input":{"@type":"PropertyValueSpecification","valueRequired":true,"valueName":"search_term_string"}}],"inLanguage":"es"}]}},"_links":{"self":[{"href":"https:\/\/centrun.pe\/index.php\/wp-json\/wp\/v2\/pages\/23","targetHints":{"allow":["GET"]}}],"collection":[{"href":"https:\/\/centrun.pe\/index.php\/wp-json\/wp\/v2\/pages"}],"about":[{"href":"https:\/\/centrun.pe\/index.php\/wp-json\/wp\/v2\/types\/page"}],"author":[{"embeddable":true,"href":"https:\/\/centrun.pe\/index.php\/wp-json\/wp\/v2\/users\/1"}],"replies":[{"embeddable":true,"href":"https:\/\/centrun.pe\/index.php\/wp-json\/wp\/v2\/comments?post=23"}],"version-history":[{"count":8,"href":"https:\/\/centrun.pe\/index.php\/wp-json\/wp\/v2\/pages\/23\/revisions"}],"predecessor-version":[{"id":772,"href":"https:\/\/centrun.pe\/index.php\/wp-json\/wp\/v2\/pages\/23\/revisions\/772"}],"wp:attachment":[{"href":"https:\/\/centrun.pe\/index.php\/wp-json\/wp\/v2\/media?parent=23"}],"curies":[{"name":"wp","href":"https:\/\/api.w.org\/{rel}","templated":true}]}}