{"id":52,"date":"2024-07-03T14:21:38","date_gmt":"2024-07-03T14:21:38","guid":{"rendered":"https:\/\/centrun-salud.pe\/?page_id=52"},"modified":"2024-07-15T18:59:55","modified_gmt":"2024-07-15T18:59:55","slug":"laser","status":"publish","type":"page","link":"https:\/\/centrun.pe\/index.php\/laser\/","title":{"rendered":"LASER"},"content":{"rendered":"\t\t<div data-elementor-type=\"wp-page\" data-elementor-id=\"52\" class=\"elementor elementor-52\" data-elementor-post-type=\"page\">\n\t\t\t\t<div class=\"elementor-element elementor-element-2921df7 e-flex e-con-boxed e-con e-parent\" data-id=\"2921df7\" data-element_type=\"container\" data-e-type=\"container\">\n\t\t\t\t\t<div class=\"e-con-inner\">\n\t\t\t\t\t<\/div>\n\t\t\t\t<\/div>\n\t\t<div class=\"elementor-element elementor-element-c7a4375 e-flex e-con-boxed e-con e-parent\" data-id=\"c7a4375\" data-element_type=\"container\" data-e-type=\"container\">\n\t\t\t\t\t<div class=\"e-con-inner\">\n\t\t\t\t<div class=\"elementor-element elementor-element-91852cc elementor-widget elementor-widget-heading\" data-id=\"91852cc\" data-element_type=\"widget\" data-e-type=\"widget\" data-widget_type=\"heading.default\">\n\t\t\t\t<div class=\"elementor-widget-container\">\n\t\t\t\t\t<h2 class=\"elementor-heading-title elementor-size-default\">LASER<\/h2>\t\t\t\t<\/div>\n\t\t\t\t<\/div>\n\t\t\t\t\t<\/div>\n\t\t\t\t<\/div>\n\t\t<div class=\"elementor-element elementor-element-6ce20ae e-flex e-con-boxed e-con e-parent\" data-id=\"6ce20ae\" data-element_type=\"container\" data-e-type=\"container\">\n\t\t\t\t\t<div class=\"e-con-inner\">\n\t\t\t\t<div class=\"elementor-element elementor-element-defcd8b elementor-widget elementor-widget-text-editor\" data-id=\"defcd8b\" data-element_type=\"widget\" data-e-type=\"widget\" data-widget_type=\"text-editor.default\">\n\t\t\t\t<div class=\"elementor-widget-container\">\n\t\t\t\t\t\t\t\t\t<div><div>Es un equipo mediante el cual se aplica al organismo energ\u00eda del espectro electromagn\u00e9tico para facilitarle su actividad bioqu\u00edmica.\u00a0<\/div><div>\u2022 Regenera, cicatriza las heridas y traumatismos en diversos tejidos.<\/div><div>\u2022 Analgesia en la zona irradiada.<\/div><div>\u2022 Anti inflamatorio.<\/div><div>\u2022 Anti edematoso.<\/div><div>\u2022 Estimula la microcirculaci\u00f3n.<\/div><\/div>\t\t\t\t\t\t\t\t<\/div>\n\t\t\t\t<\/div>\n\t\t\t\t\t<\/div>\n\t\t\t\t<\/div>\n\t\t<div class=\"elementor-element elementor-element-zk4O3y0 e-flex e-con-boxed e-con e-parent\" data-id=\"zk4O3y0\" data-element_type=\"container\" data-e-type=\"container\">\n\t\t\t\t\t<div class=\"e-con-inner\">\n\t\t\t\t<div class=\"elementor-element elementor-element-wPuoJnA elementor-widget elementor-widget-heading\" data-id=\"wPuoJnA\" data-element_type=\"widget\" data-e-type=\"widget\" data-widget_type=\"heading.default\">\n\t\t\t\t<div class=\"elementor-widget-container\">\n\t\t\t\t\t<h2 class=\"elementor-heading-title elementor-size-default\">BENEFICIOS DEL TRATAMIENTO CON L\u00c1SER<\/h2>\t\t\t\t<\/div>\n\t\t\t\t<\/div>\n\t\t<div class=\"elementor-element elementor-element-kY60oeQ e-con-full e-flex e-con e-child\" data-id=\"kY60oeQ\" data-element_type=\"container\" data-e-type=\"container\">\n\t\t<div class=\"elementor-element elementor-element-gqgPnbM e-con-full e-flex e-con e-child\" data-id=\"gqgPnbM\" data-element_type=\"container\" data-e-type=\"container\">\n\t\t\t\t<div class=\"elementor-element elementor-element-y9aFw79 elementor-cta--layout-image-above elementor-widget__width-inherit elementor-widget-tablet__width-inherit elementor-cta--skin-classic elementor-animated-content elementor-widget elementor-widget-call-to-action\" data-id=\"y9aFw79\" data-element_type=\"widget\" data-e-type=\"widget\" data-widget_type=\"call-to-action.default\">\n\t\t\t\t<div class=\"elementor-widget-container\">\n\t\t\t\t\t\t\t<div class=\"elementor-cta\">\n\t\t\t\t\t<div class=\"elementor-cta__bg-wrapper\">\n\t\t\t\t<div class=\"elementor-cta__bg elementor-bg\" style=\"background-image: url(https:\/\/centrun.pe\/wp-content\/uploads\/2024\/07\/efectos-del-Laser.jpg);\" role=\"img\" aria-label=\"efectos-del-Laser\"><\/div>\n\t\t\t\t<div class=\"elementor-cta__bg-overlay\"><\/div>\n\t\t\t<\/div>\n\t\t\t\t\t\t\t<div class=\"elementor-cta__content\">\n\t\t\t\t\n\t\t\t\t\t\t\t\t\t<h2 class=\"elementor-cta__title elementor-cta__content-item elementor-content-item\">\n\t\t\t\t\t\tFavorece la recuperaci\u00f3n\t\t\t\t\t<\/h2>\n\t\t\t\t\n\t\t\t\t\t\t\t\t\t<div class=\"elementor-cta__description elementor-cta__content-item elementor-content-item\">\n\t\t\t\t\t\tEl l\u00e1ser ayuda en la regeneraci\u00f3n y cicatrizaci\u00f3n de heridas y traumatismos, lo que permite una recuperaci\u00f3n m\u00e1s r\u00e1pida y efectiva.\t\t\t\t\t<\/div>\n\t\t\t\t\n\t\t\t\t\t\t\t<\/div>\n\t\t\t\t\t\t<\/div>\n\t\t\t\t\t\t<\/div>\n\t\t\t\t<\/div>\n\t\t\t\t<\/div>\n\t\t<div class=\"elementor-element elementor-element-LalJQtb e-con-full e-flex e-con e-child\" data-id=\"LalJQtb\" data-element_type=\"container\" data-e-type=\"container\">\n\t\t\t\t<div class=\"elementor-element elementor-element-XIzrsvL elementor-cta--layout-image-above elementor-widget__width-inherit elementor-widget-tablet__width-inherit elementor-cta--skin-classic elementor-animated-content elementor-bg-transform elementor-bg-transform-zoom-in elementor-widget elementor-widget-call-to-action\" data-id=\"XIzrsvL\" data-element_type=\"widget\" data-e-type=\"widget\" data-widget_type=\"call-to-action.default\">\n\t\t\t\t<div class=\"elementor-widget-container\">\n\t\t\t\t\t\t\t<div class=\"elementor-cta\">\n\t\t\t\t\t\t\t<div class=\"elementor-cta__content\">\n\t\t\t\t\n\t\t\t\t\t\t\t\t\t<h2 class=\"elementor-cta__title elementor-cta__content-item elementor-content-item\">\n\t\t\t\t\t\tReduce el dolor y la inflamaci\u00f3n\t\t\t\t\t<\/h2>\n\t\t\t\t\n\t\t\t\t\t\t\t\t\t<div class=\"elementor-cta__description elementor-cta__content-item elementor-content-item\">\n\t\t\t\t\t\tEl l\u00e1ser es un excelente analg\u00e9sico que reduce el dolor en la zona irradiada. Adem\u00e1s, tiene efectos antiinflamatorios y antiedematosos.\t\t\t\t\t<\/div>\n\t\t\t\t\n\t\t\t\t\t\t\t<\/div>\n\t\t\t\t\t\t<\/div>\n\t\t\t\t\t\t<\/div>\n\t\t\t\t<\/div>\n\t\t\t\t<\/div>\n\t\t\t\t<\/div>\n\t\t\t\t\t<\/div>\n\t\t\t\t<\/div>\n\t\t\t\t<\/div>\n\t\t","protected":false},"excerpt":{"rendered":"<p>LASER Es un equipo mediante el cual se aplica al organismo energ\u00eda del espectro electromagn\u00e9tico para facilitarle su actividad bioqu\u00edmica.\u00a0\u2022 Regenera, cicatriza las heridas y traumatismos en diversos tejidos.\u2022 Analgesia en la zona irradiada.\u2022 Anti inflamatorio.\u2022 Anti edematoso.\u2022 Estimula la microcirculaci\u00f3n. BENEFICIOS DEL TRATAMIENTO CON L\u00c1SER Favorece la recuperaci\u00f3n El l\u00e1ser ayuda en la regeneraci\u00f3n [&hellip;]<\/p>\n","protected":false},"author":1,"featured_media":0,"parent":0,"menu_order":0,"comment_status":"closed","ping_status":"closed","template":"","meta":{"footnotes":""},"class_list":["post-52","page","type-page","status-publish","hentry"],"yoast_head":"<!-- This site is optimized with the Yoast SEO plugin v27.3 - https:\/\/yoast.com\/product\/yoast-seo-wordpress\/ -->\n<title>LASER - Centrun Salud<\/title>\n<meta name=\"robots\" content=\"index, follow, max-snippet:-1, max-image-preview:large, max-video-preview:-1\" \/>\n<link rel=\"canonical\" href=\"https:\/\/centrun.pe\/index.php\/laser\/\" \/>\n<meta property=\"og:locale\" content=\"es_ES\" \/>\n<meta property=\"og:type\" content=\"article\" \/>\n<meta property=\"og:title\" content=\"LASER - Centrun Salud\" \/>\n<meta property=\"og:description\" content=\"LASER Es un equipo mediante el cual se aplica al organismo energ\u00eda del espectro electromagn\u00e9tico para facilitarle su actividad bioqu\u00edmica.\u00a0\u2022 Regenera, cicatriza las heridas y traumatismos en diversos tejidos.\u2022 Analgesia en la zona irradiada.\u2022 Anti inflamatorio.\u2022 Anti edematoso.\u2022 Estimula la microcirculaci\u00f3n. BENEFICIOS DEL TRATAMIENTO CON L\u00c1SER Favorece la recuperaci\u00f3n El l\u00e1ser ayuda en la regeneraci\u00f3n [&hellip;]\" \/>\n<meta property=\"og:url\" content=\"https:\/\/centrun.pe\/index.php\/laser\/\" \/>\n<meta property=\"og:site_name\" content=\"Centrun Salud\" \/>\n<meta property=\"article:modified_time\" content=\"2024-07-15T18:59:55+00:00\" \/>\n<meta name=\"twitter:card\" content=\"summary_large_image\" \/>\n<meta name=\"twitter:label1\" content=\"Tiempo de lectura\" \/>\n\t<meta name=\"twitter:data1\" content=\"1 minuto\" \/>\n<script type=\"application\/ld+json\" class=\"yoast-schema-graph\">{\"@context\":\"https:\\\/\\\/schema.org\",\"@graph\":[{\"@type\":\"WebPage\",\"@id\":\"https:\\\/\\\/centrun.pe\\\/index.php\\\/laser\\\/\",\"url\":\"https:\\\/\\\/centrun.pe\\\/index.php\\\/laser\\\/\",\"name\":\"LASER - Centrun Salud\",\"isPartOf\":{\"@id\":\"https:\\\/\\\/centrun.pe\\\/#website\"},\"datePublished\":\"2024-07-03T14:21:38+00:00\",\"dateModified\":\"2024-07-15T18:59:55+00:00\",\"breadcrumb\":{\"@id\":\"https:\\\/\\\/centrun.pe\\\/index.php\\\/laser\\\/#breadcrumb\"},\"inLanguage\":\"es\",\"potentialAction\":[{\"@type\":\"ReadAction\",\"target\":[\"https:\\\/\\\/centrun.pe\\\/index.php\\\/laser\\\/\"]}]},{\"@type\":\"BreadcrumbList\",\"@id\":\"https:\\\/\\\/centrun.pe\\\/index.php\\\/laser\\\/#breadcrumb\",\"itemListElement\":[{\"@type\":\"ListItem\",\"position\":1,\"name\":\"Portada\",\"item\":\"https:\\\/\\\/centrun.pe\\\/\"},{\"@type\":\"ListItem\",\"position\":2,\"name\":\"LASER\"}]},{\"@type\":\"WebSite\",\"@id\":\"https:\\\/\\\/centrun.pe\\\/#website\",\"url\":\"https:\\\/\\\/centrun.pe\\\/\",\"name\":\"Centrun Salud\",\"description\":\"\",\"potentialAction\":[{\"@type\":\"SearchAction\",\"target\":{\"@type\":\"EntryPoint\",\"urlTemplate\":\"https:\\\/\\\/centrun.pe\\\/?s={search_term_string}\"},\"query-input\":{\"@type\":\"PropertyValueSpecification\",\"valueRequired\":true,\"valueName\":\"search_term_string\"}}],\"inLanguage\":\"es\"}]}<\/script>\n<!-- \/ Yoast SEO plugin. -->","yoast_head_json":{"title":"LASER - Centrun Salud","robots":{"index":"index","follow":"follow","max-snippet":"max-snippet:-1","max-image-preview":"max-image-preview:large","max-video-preview":"max-video-preview:-1"},"canonical":"https:\/\/centrun.pe\/index.php\/laser\/","og_locale":"es_ES","og_type":"article","og_title":"LASER - Centrun Salud","og_description":"LASER Es un equipo mediante el cual se aplica al organismo energ\u00eda del espectro electromagn\u00e9tico para facilitarle su actividad bioqu\u00edmica.\u00a0\u2022 Regenera, cicatriza las heridas y traumatismos en diversos tejidos.\u2022 Analgesia en la zona irradiada.\u2022 Anti inflamatorio.\u2022 Anti edematoso.\u2022 Estimula la microcirculaci\u00f3n. BENEFICIOS DEL TRATAMIENTO CON L\u00c1SER Favorece la recuperaci\u00f3n El l\u00e1ser ayuda en la regeneraci\u00f3n [&hellip;]","og_url":"https:\/\/centrun.pe\/index.php\/laser\/","og_site_name":"Centrun Salud","article_modified_time":"2024-07-15T18:59:55+00:00","twitter_card":"summary_large_image","twitter_misc":{"Tiempo de lectura":"1 minuto"},"schema":{"@context":"https:\/\/schema.org","@graph":[{"@type":"WebPage","@id":"https:\/\/centrun.pe\/index.php\/laser\/","url":"https:\/\/centrun.pe\/index.php\/laser\/","name":"LASER - Centrun Salud","isPartOf":{"@id":"https:\/\/centrun.pe\/#website"},"datePublished":"2024-07-03T14:21:38+00:00","dateModified":"2024-07-15T18:59:55+00:00","breadcrumb":{"@id":"https:\/\/centrun.pe\/index.php\/laser\/#breadcrumb"},"inLanguage":"es","potentialAction":[{"@type":"ReadAction","target":["https:\/\/centrun.pe\/index.php\/laser\/"]}]},{"@type":"BreadcrumbList","@id":"https:\/\/centrun.pe\/index.php\/laser\/#breadcrumb","itemListElement":[{"@type":"ListItem","position":1,"name":"Portada","item":"https:\/\/centrun.pe\/"},{"@type":"ListItem","position":2,"name":"LASER"}]},{"@type":"WebSite","@id":"https:\/\/centrun.pe\/#website","url":"https:\/\/centrun.pe\/","name":"Centrun Salud","description":"","potentialAction":[{"@type":"SearchAction","target":{"@type":"EntryPoint","urlTemplate":"https:\/\/centrun.pe\/?s={search_term_string}"},"query-input":{"@type":"PropertyValueSpecification","valueRequired":true,"valueName":"search_term_string"}}],"inLanguage":"es"}]}},"_links":{"self":[{"href":"https:\/\/centrun.pe\/index.php\/wp-json\/wp\/v2\/pages\/52","targetHints":{"allow":["GET"]}}],"collection":[{"href":"https:\/\/centrun.pe\/index.php\/wp-json\/wp\/v2\/pages"}],"about":[{"href":"https:\/\/centrun.pe\/index.php\/wp-json\/wp\/v2\/types\/page"}],"author":[{"embeddable":true,"href":"https:\/\/centrun.pe\/index.php\/wp-json\/wp\/v2\/users\/1"}],"replies":[{"embeddable":true,"href":"https:\/\/centrun.pe\/index.php\/wp-json\/wp\/v2\/comments?post=52"}],"version-history":[{"count":16,"href":"https:\/\/centrun.pe\/index.php\/wp-json\/wp\/v2\/pages\/52\/revisions"}],"predecessor-version":[{"id":778,"href":"https:\/\/centrun.pe\/index.php\/wp-json\/wp\/v2\/pages\/52\/revisions\/778"}],"wp:attachment":[{"href":"https:\/\/centrun.pe\/index.php\/wp-json\/wp\/v2\/media?parent=52"}],"curies":[{"name":"wp","href":"https:\/\/api.w.org\/{rel}","templated":true}]}}