{"id":972,"date":"2024-07-23T17:41:47","date_gmt":"2024-07-23T17:41:47","guid":{"rendered":"https:\/\/centrun.pe\/?page_id=972"},"modified":"2024-07-23T18:41:52","modified_gmt":"2024-07-23T18:41:52","slug":"artrosis","status":"publish","type":"page","link":"https:\/\/centrun.pe\/index.php\/artrosis\/","title":{"rendered":"ARTROSIS"},"content":{"rendered":"\t\t<div data-elementor-type=\"wp-page\" data-elementor-id=\"972\" class=\"elementor elementor-972\" data-elementor-post-type=\"page\">\n\t\t\t\t<div class=\"elementor-element elementor-element-f41010e e-flex e-con-boxed e-con e-parent\" data-id=\"f41010e\" data-element_type=\"container\" data-e-type=\"container\">\n\t\t\t\t\t<div class=\"e-con-inner\">\n\t\t\t\t\t<\/div>\n\t\t\t\t<\/div>\n\t\t<div class=\"elementor-element elementor-element-0f4c634 e-flex e-con-boxed e-con e-parent\" data-id=\"0f4c634\" data-element_type=\"container\" data-e-type=\"container\">\n\t\t\t\t\t<div class=\"e-con-inner\">\n\t\t\t\t<div class=\"elementor-element elementor-element-3d96a44 elementor-widget elementor-widget-heading\" data-id=\"3d96a44\" data-element_type=\"widget\" data-e-type=\"widget\" data-widget_type=\"heading.default\">\n\t\t\t\t<div class=\"elementor-widget-container\">\n\t\t\t\t\t<h2 class=\"elementor-heading-title elementor-size-default\">ARTROSIS <\/h2>\t\t\t\t<\/div>\n\t\t\t\t<\/div>\n\t\t\t\t\t<\/div>\n\t\t\t\t<\/div>\n\t\t<div class=\"elementor-element elementor-element-d2ccb3a e-flex e-con-boxed e-con e-parent\" data-id=\"d2ccb3a\" data-element_type=\"container\" data-e-type=\"container\">\n\t\t\t\t\t<div class=\"e-con-inner\">\n\t\t\t\t<div class=\"elementor-element elementor-element-838173c elementor-widget elementor-widget-text-editor\" data-id=\"838173c\" data-element_type=\"widget\" data-e-type=\"widget\" data-widget_type=\"text-editor.default\">\n\t\t\t\t<div class=\"elementor-widget-container\">\n\t\t\t\t\t\t\t\t\t<p style=\"text-align: left;\">La artrosis, tambi\u00e9n conocida como osteoartritis, es una enfermedad degenerativa de las articulaciones que afecta principalmente al cart\u00edlago, el tejido que recubre los extremos de los huesos en las articulaciones. Es una de las formas m\u00e1s comunes de artritis y afecta principalmente a las articulaciones que soportan peso y se usan con frecuencia, como las manos, las rodillas, las caderas y la columna vertebral.<\/p><h5><span style=\"color: #00ccff;\"><strong>\u00a0 \u00a0 \u00a0 \u00a0 \u00a0 \u00a0 \u00a0 \u00a0 \u00a0 \u00a0 \u00a0 \u00a0 \u00a0 \u00a0 \u00a0 \u00a0 \u00a0 \u00a0 \u00a0 \u00a0 \u00a0 \u00a0 \u00a0 \u00a0 \u00a0 \u00a0 \u00a0 \u00a0 \u00a0 \u00a0 \u00a0 \u00a0 \u00a0 \u00a0 \u00a0 \u00a0 \u00a0 \u00a0 \u00a0 \u00a0 \u00a0 Caracter\u00edsticas de la Artrosis:<\/strong><\/span><\/h5><ol><li><strong>Degeneraci\u00f3n del cart\u00edlago<\/strong>: En la artrosis, el cart\u00edlago que recubre las articulaciones se desgasta gradualmente y se vuelve m\u00e1s delgado y rugoso. Esto puede provocar que los huesos se froten entre s\u00ed, lo que causa dolor, inflamaci\u00f3n y rigidez.<\/li><li><strong>Formaci\u00f3n de osteofitos<\/strong>: Tambi\u00e9n conocidos como \u00abespuelas \u00f3seas\u00bb, son crecimientos \u00f3seos que se desarrollan en los bordes de las articulaciones afectadas, como una respuesta del cuerpo al desgaste del cart\u00edlago.<\/li><li><strong>Inflamaci\u00f3n leve<\/strong>: Aunque la artrosis no es una enfermedad inflamatoria como la artritis reumatoide, puede provocar inflamaci\u00f3n leve en las articulaciones afectadas.<\/li><\/ol><h4><span style=\"color: #00ccff;\"><strong>\u00a0 \u00a0 \u00a0 \u00a0 \u00a0 \u00a0 \u00a0 \u00a0 \u00a0 \u00a0 \u00a0 \u00a0 \u00a0 \u00a0 \u00a0 \u00a0 \u00a0 \u00a0 \u00a0 \u00a0 \u00a0 \u00a0 \u00a0 \u00a0 \u00a0 \u00a0 \u00a0 \u00a0 \u00a0 \u00a0 \u00a0 \u00a0 \u00a0 \u00a0 \u00a0S\u00edntomas de la Artrosis:<\/strong><\/span><\/h4><ul><li>Dolor en las articulaciones durante o despu\u00e9s del movimiento.<\/li><li>Rigidez articular, especialmente por la ma\u00f1ana o despu\u00e9s de per\u00edodos de inactividad.<\/li><li>P\u00e9rdida de flexibilidad y rango de movimiento en la articulaci\u00f3n afectada.<\/li><li>Sensaci\u00f3n de crujidos o rechinidos al mover la articulaci\u00f3n.<\/li><li>Hinchaz\u00f3n leve alrededor de la articulaci\u00f3n.<\/li><\/ul><h2><span style=\"color: #00ccff;\"><strong>\u00a0 \u00a0 \u00a0 \u00a0 \u00a0 \u00a0 \u00a0 \u00a0 \u00a0 \u00a0 \u00a0 \u00a0 \u00a0 \u00a0 \u00a0 \u00a0 \u00a0 \u00a0 \u00a0 \u00a0 \u00a0 \u00a0 \u00a0 \u00a0 \u00a0 \u00a0 \u00a0 \u00a0<\/strong><\/span><\/h2>\t\t\t\t\t\t\t\t<\/div>\n\t\t\t\t<\/div>\n\t\t\t\t\t<\/div>\n\t\t\t\t<\/div>\n\t\t<div class=\"elementor-element elementor-element-caf571a e-flex e-con-boxed e-con e-parent\" data-id=\"caf571a\" data-element_type=\"container\" data-e-type=\"container\">\n\t\t\t\t\t<div class=\"e-con-inner\">\n\t\t\t\t<div class=\"elementor-element elementor-element-638341d elementor-widget elementor-widget-image\" data-id=\"638341d\" data-element_type=\"widget\" data-e-type=\"widget\" data-widget_type=\"image.default\">\n\t\t\t\t<div class=\"elementor-widget-container\">\n\t\t\t\t\t\t\t\t\t\t\t\t\t\t\t<img fetchpriority=\"high\" decoding=\"async\" width=\"349\" height=\"193\" src=\"https:\/\/centrun.pe\/wp-content\/uploads\/2024\/07\/ARTROSIS.jpg\" class=\"attachment-full size-full wp-image-975\" alt=\"\" srcset=\"https:\/\/centrun.pe\/wp-content\/uploads\/2024\/07\/ARTROSIS.jpg 349w, https:\/\/centrun.pe\/wp-content\/uploads\/2024\/07\/ARTROSIS-300x166.jpg 300w\" sizes=\"(max-width: 349px) 100vw, 349px\" \/>\t\t\t\t\t\t\t\t\t\t\t\t\t\t\t<\/div>\n\t\t\t\t<\/div>\n\t\t\t\t\t<\/div>\n\t\t\t\t<\/div>\n\t\t\t\t<\/div>\n\t\t","protected":false},"excerpt":{"rendered":"<p>ARTROSIS La artrosis, tambi\u00e9n conocida como osteoartritis, es una enfermedad degenerativa de las articulaciones que afecta principalmente al cart\u00edlago, el tejido que recubre los extremos de los huesos en las articulaciones. Es una de las formas m\u00e1s comunes de artritis y afecta principalmente a las articulaciones que soportan peso y se usan con frecuencia, como [&hellip;]<\/p>\n","protected":false},"author":1,"featured_media":0,"parent":0,"menu_order":0,"comment_status":"closed","ping_status":"closed","template":"","meta":{"footnotes":""},"class_list":["post-972","page","type-page","status-publish","hentry"],"yoast_head":"<!-- This site is optimized with the Yoast SEO plugin v27.3 - https:\/\/yoast.com\/product\/yoast-seo-wordpress\/ -->\n<title>ARTROSIS - Centrun Salud<\/title>\n<meta name=\"robots\" content=\"index, follow, max-snippet:-1, max-image-preview:large, max-video-preview:-1\" \/>\n<link rel=\"canonical\" href=\"https:\/\/centrun.pe\/index.php\/artrosis\/\" \/>\n<meta property=\"og:locale\" content=\"es_ES\" \/>\n<meta property=\"og:type\" content=\"article\" \/>\n<meta property=\"og:title\" content=\"ARTROSIS - Centrun Salud\" \/>\n<meta property=\"og:description\" content=\"ARTROSIS La artrosis, tambi\u00e9n conocida como osteoartritis, es una enfermedad degenerativa de las articulaciones que afecta principalmente al cart\u00edlago, el tejido que recubre los extremos de los huesos en las articulaciones. Es una de las formas m\u00e1s comunes de artritis y afecta principalmente a las articulaciones que soportan peso y se usan con frecuencia, como [&hellip;]\" \/>\n<meta property=\"og:url\" content=\"https:\/\/centrun.pe\/index.php\/artrosis\/\" \/>\n<meta property=\"og:site_name\" content=\"Centrun Salud\" \/>\n<meta property=\"article:modified_time\" content=\"2024-07-23T18:41:52+00:00\" \/>\n<meta property=\"og:image\" content=\"https:\/\/centrun.pe\/wp-content\/uploads\/2024\/07\/ARTROSIS.jpg\" \/>\n<meta name=\"twitter:card\" content=\"summary_large_image\" \/>\n<meta name=\"twitter:label1\" content=\"Tiempo de lectura\" \/>\n\t<meta name=\"twitter:data1\" content=\"2 minutos\" \/>\n<script type=\"application\/ld+json\" class=\"yoast-schema-graph\">{\"@context\":\"https:\\\/\\\/schema.org\",\"@graph\":[{\"@type\":\"WebPage\",\"@id\":\"https:\\\/\\\/centrun.pe\\\/index.php\\\/artrosis\\\/\",\"url\":\"https:\\\/\\\/centrun.pe\\\/index.php\\\/artrosis\\\/\",\"name\":\"ARTROSIS - Centrun Salud\",\"isPartOf\":{\"@id\":\"https:\\\/\\\/centrun.pe\\\/#website\"},\"primaryImageOfPage\":{\"@id\":\"https:\\\/\\\/centrun.pe\\\/index.php\\\/artrosis\\\/#primaryimage\"},\"image\":{\"@id\":\"https:\\\/\\\/centrun.pe\\\/index.php\\\/artrosis\\\/#primaryimage\"},\"thumbnailUrl\":\"https:\\\/\\\/centrun.pe\\\/wp-content\\\/uploads\\\/2024\\\/07\\\/ARTROSIS.jpg\",\"datePublished\":\"2024-07-23T17:41:47+00:00\",\"dateModified\":\"2024-07-23T18:41:52+00:00\",\"breadcrumb\":{\"@id\":\"https:\\\/\\\/centrun.pe\\\/index.php\\\/artrosis\\\/#breadcrumb\"},\"inLanguage\":\"es\",\"potentialAction\":[{\"@type\":\"ReadAction\",\"target\":[\"https:\\\/\\\/centrun.pe\\\/index.php\\\/artrosis\\\/\"]}]},{\"@type\":\"ImageObject\",\"inLanguage\":\"es\",\"@id\":\"https:\\\/\\\/centrun.pe\\\/index.php\\\/artrosis\\\/#primaryimage\",\"url\":\"https:\\\/\\\/centrun.pe\\\/wp-content\\\/uploads\\\/2024\\\/07\\\/ARTROSIS.jpg\",\"contentUrl\":\"https:\\\/\\\/centrun.pe\\\/wp-content\\\/uploads\\\/2024\\\/07\\\/ARTROSIS.jpg\",\"width\":349,\"height\":193},{\"@type\":\"BreadcrumbList\",\"@id\":\"https:\\\/\\\/centrun.pe\\\/index.php\\\/artrosis\\\/#breadcrumb\",\"itemListElement\":[{\"@type\":\"ListItem\",\"position\":1,\"name\":\"Portada\",\"item\":\"https:\\\/\\\/centrun.pe\\\/\"},{\"@type\":\"ListItem\",\"position\":2,\"name\":\"ARTROSIS\"}]},{\"@type\":\"WebSite\",\"@id\":\"https:\\\/\\\/centrun.pe\\\/#website\",\"url\":\"https:\\\/\\\/centrun.pe\\\/\",\"name\":\"Centrun Salud\",\"description\":\"\",\"potentialAction\":[{\"@type\":\"SearchAction\",\"target\":{\"@type\":\"EntryPoint\",\"urlTemplate\":\"https:\\\/\\\/centrun.pe\\\/?s={search_term_string}\"},\"query-input\":{\"@type\":\"PropertyValueSpecification\",\"valueRequired\":true,\"valueName\":\"search_term_string\"}}],\"inLanguage\":\"es\"}]}<\/script>\n<!-- \/ Yoast SEO plugin. -->","yoast_head_json":{"title":"ARTROSIS - Centrun Salud","robots":{"index":"index","follow":"follow","max-snippet":"max-snippet:-1","max-image-preview":"max-image-preview:large","max-video-preview":"max-video-preview:-1"},"canonical":"https:\/\/centrun.pe\/index.php\/artrosis\/","og_locale":"es_ES","og_type":"article","og_title":"ARTROSIS - Centrun Salud","og_description":"ARTROSIS La artrosis, tambi\u00e9n conocida como osteoartritis, es una enfermedad degenerativa de las articulaciones que afecta principalmente al cart\u00edlago, el tejido que recubre los extremos de los huesos en las articulaciones. Es una de las formas m\u00e1s comunes de artritis y afecta principalmente a las articulaciones que soportan peso y se usan con frecuencia, como [&hellip;]","og_url":"https:\/\/centrun.pe\/index.php\/artrosis\/","og_site_name":"Centrun Salud","article_modified_time":"2024-07-23T18:41:52+00:00","og_image":[{"url":"https:\/\/centrun.pe\/wp-content\/uploads\/2024\/07\/ARTROSIS.jpg","type":"","width":"","height":""}],"twitter_card":"summary_large_image","twitter_misc":{"Tiempo de lectura":"2 minutos"},"schema":{"@context":"https:\/\/schema.org","@graph":[{"@type":"WebPage","@id":"https:\/\/centrun.pe\/index.php\/artrosis\/","url":"https:\/\/centrun.pe\/index.php\/artrosis\/","name":"ARTROSIS - Centrun Salud","isPartOf":{"@id":"https:\/\/centrun.pe\/#website"},"primaryImageOfPage":{"@id":"https:\/\/centrun.pe\/index.php\/artrosis\/#primaryimage"},"image":{"@id":"https:\/\/centrun.pe\/index.php\/artrosis\/#primaryimage"},"thumbnailUrl":"https:\/\/centrun.pe\/wp-content\/uploads\/2024\/07\/ARTROSIS.jpg","datePublished":"2024-07-23T17:41:47+00:00","dateModified":"2024-07-23T18:41:52+00:00","breadcrumb":{"@id":"https:\/\/centrun.pe\/index.php\/artrosis\/#breadcrumb"},"inLanguage":"es","potentialAction":[{"@type":"ReadAction","target":["https:\/\/centrun.pe\/index.php\/artrosis\/"]}]},{"@type":"ImageObject","inLanguage":"es","@id":"https:\/\/centrun.pe\/index.php\/artrosis\/#primaryimage","url":"https:\/\/centrun.pe\/wp-content\/uploads\/2024\/07\/ARTROSIS.jpg","contentUrl":"https:\/\/centrun.pe\/wp-content\/uploads\/2024\/07\/ARTROSIS.jpg","width":349,"height":193},{"@type":"BreadcrumbList","@id":"https:\/\/centrun.pe\/index.php\/artrosis\/#breadcrumb","itemListElement":[{"@type":"ListItem","position":1,"name":"Portada","item":"https:\/\/centrun.pe\/"},{"@type":"ListItem","position":2,"name":"ARTROSIS"}]},{"@type":"WebSite","@id":"https:\/\/centrun.pe\/#website","url":"https:\/\/centrun.pe\/","name":"Centrun Salud","description":"","potentialAction":[{"@type":"SearchAction","target":{"@type":"EntryPoint","urlTemplate":"https:\/\/centrun.pe\/?s={search_term_string}"},"query-input":{"@type":"PropertyValueSpecification","valueRequired":true,"valueName":"search_term_string"}}],"inLanguage":"es"}]}},"_links":{"self":[{"href":"https:\/\/centrun.pe\/index.php\/wp-json\/wp\/v2\/pages\/972","targetHints":{"allow":["GET"]}}],"collection":[{"href":"https:\/\/centrun.pe\/index.php\/wp-json\/wp\/v2\/pages"}],"about":[{"href":"https:\/\/centrun.pe\/index.php\/wp-json\/wp\/v2\/types\/page"}],"author":[{"embeddable":true,"href":"https:\/\/centrun.pe\/index.php\/wp-json\/wp\/v2\/users\/1"}],"replies":[{"embeddable":true,"href":"https:\/\/centrun.pe\/index.php\/wp-json\/wp\/v2\/comments?post=972"}],"version-history":[{"count":7,"href":"https:\/\/centrun.pe\/index.php\/wp-json\/wp\/v2\/pages\/972\/revisions"}],"predecessor-version":[{"id":992,"href":"https:\/\/centrun.pe\/index.php\/wp-json\/wp\/v2\/pages\/972\/revisions\/992"}],"wp:attachment":[{"href":"https:\/\/centrun.pe\/index.php\/wp-json\/wp\/v2\/media?parent=972"}],"curies":[{"name":"wp","href":"https:\/\/api.w.org\/{rel}","templated":true}]}}